{"id":34,"date":"2023-09-11T13:08:26","date_gmt":"2023-09-11T11:08:26","guid":{"rendered":"https:\/\/agrocontratacion.local\/?page_id=34"},"modified":"2024-04-19T12:23:17","modified_gmt":"2024-04-19T10:23:17","slug":"inicio","status":"publish","type":"page","link":"https:\/\/agrocontratacion.com\/gl\/","title":{"rendered":"Inicio"},"content":{"rendered":"","protected":false},"excerpt":{"rendered":"","protected":false},"author":1,"featured_media":31,"parent":0,"menu_order":0,"comment_status":"closed","ping_status":"closed","template":"","meta":{"content-type":"","footnotes":""},"class_list":["post-34","page","type-page","status-publish","has-post-thumbnail","hentry"],"yoast_head":"<!-- This site is optimized with the Yoast SEO plugin v21.7 - https:\/\/yoast.com\/wordpress\/plugins\/seo\/ -->\n<title>Agrocontrataci\u00f3n - Gesti\u00f3n agraria inteligente<\/title>\n<meta name=\"description\" content=\"Agilizamos los tr\u00e1mites del sector c\u00e1rnico vacuno de forma segura y transparente. Una soluci\u00f3n digital para automatizar los contratos en el sector.\" \/>\n<meta name=\"robots\" content=\"index, follow, max-snippet:-1, max-image-preview:large, max-video-preview:-1\" \/>\n<link rel=\"canonical\" href=\"https:\/\/agrocontratacion.com\/gl\/\" \/>\n<meta property=\"og:locale\" content=\"gl_ES\" \/>\n<meta property=\"og:type\" content=\"article\" \/>\n<meta property=\"og:title\" content=\"Agrocontrataci\u00f3n - Gesti\u00f3n agraria inteligente\" \/>\n<meta property=\"og:description\" content=\"Agilizamos los tr\u00e1mites del sector c\u00e1rnico vacuno de forma segura y transparente. Una soluci\u00f3n digital para automatizar los contratos en el sector.\" \/>\n<meta property=\"og:url\" content=\"https:\/\/agrocontratacion.com\/gl\/\" \/>\n<meta property=\"og:site_name\" content=\"Agrocontrataci\u00f3n\" \/>\n<meta property=\"article:publisher\" content=\"https:\/\/www.facebook.com\/AgroContratacion\/?locale=es_ES\" \/>\n<meta property=\"article:modified_time\" content=\"2024-04-19T10:23:17+00:00\" \/>\n<meta name=\"twitter:card\" content=\"summary_large_image\" \/>\n<meta name=\"twitter:image\" content=\"https:\/\/agrocontratacion.com\/wp-content\/uploads\/2023\/09\/logo-agrocontratacion.svg\" \/>\n<meta name=\"twitter:label1\" content=\"Tempo de lectura\" \/>\n\t<meta name=\"twitter:data1\" content=\"1 minuto\" \/>\n<script type=\"application\/ld+json\" class=\"yoast-schema-graph\">{\"@context\":\"https:\/\/schema.org\",\"@graph\":[{\"@type\":\"WebPage\",\"@id\":\"https:\/\/agrocontratacion.com\/\",\"url\":\"https:\/\/agrocontratacion.com\/\",\"name\":\"Agrocontrataci\u00f3n - Gesti\u00f3n agraria inteligente\",\"isPartOf\":{\"@id\":\"https:\/\/agrocontratacion.com\/#website\"},\"datePublished\":\"2023-09-11T11:08:26+00:00\",\"dateModified\":\"2024-04-19T10:23:17+00:00\",\"description\":\"Agilizamos los tr\u00e1mites del sector c\u00e1rnico vacuno de forma segura y transparente. Una soluci\u00f3n digital para automatizar los contratos en el sector.\",\"breadcrumb\":{\"@id\":\"https:\/\/agrocontratacion.com\/#breadcrumb\"},\"inLanguage\":\"gl-ES\",\"potentialAction\":[{\"@type\":\"ReadAction\",\"target\":[\"https:\/\/agrocontratacion.com\/\"]}]},{\"@type\":\"BreadcrumbList\",\"@id\":\"https:\/\/agrocontratacion.com\/#breadcrumb\",\"itemListElement\":[{\"@type\":\"ListItem\",\"position\":1,\"name\":\"Portada\",\"item\":\"https:\/\/agrocontratacion.com\/\"},{\"@type\":\"ListItem\",\"position\":2,\"name\":\"Inicio\"}]},{\"@type\":\"WebSite\",\"@id\":\"https:\/\/agrocontratacion.com\/#website\",\"url\":\"https:\/\/agrocontratacion.com\/\",\"name\":\"Agrocontrataci\u00f3n\",\"description\":\"Gesti\u00f3n agraria inteligente\",\"publisher\":{\"@id\":\"https:\/\/agrocontratacion.com\/#organization\"},\"potentialAction\":[{\"@type\":\"SearchAction\",\"target\":{\"@type\":\"EntryPoint\",\"urlTemplate\":\"https:\/\/agrocontratacion.com\/?s={search_term_string}\"},\"query-input\":\"required name=search_term_string\"}],\"inLanguage\":\"gl-ES\"},{\"@type\":\"Organization\",\"@id\":\"https:\/\/agrocontratacion.com\/#organization\",\"name\":\"Agrocontrataci\u00f3n\",\"url\":\"https:\/\/agrocontratacion.com\/\",\"logo\":{\"@type\":\"ImageObject\",\"inLanguage\":\"gl-ES\",\"@id\":\"https:\/\/agrocontratacion.com\/#\/schema\/logo\/image\/\",\"url\":\"https:\/\/agrocontratacion.com\/wp-content\/uploads\/2023\/09\/logo-agrocontratacion.svg\",\"contentUrl\":\"https:\/\/agrocontratacion.com\/wp-content\/uploads\/2023\/09\/logo-agrocontratacion.svg\",\"caption\":\"Agrocontrataci\u00f3n\"},\"image\":{\"@id\":\"https:\/\/agrocontratacion.com\/#\/schema\/logo\/image\/\"},\"sameAs\":[\"https:\/\/www.facebook.com\/AgroContratacion\/?locale=es_ES\",\"https:\/\/www.linkedin.com\/company\/agrocontratacion\/\"]}]}<\/script>\n<!-- \/ Yoast SEO plugin. -->","yoast_head_json":{"title":"Agrocontrataci\u00f3n - Gesti\u00f3n agraria inteligente","description":"Agilizamos los tr\u00e1mites del sector c\u00e1rnico vacuno de forma segura y transparente. Una soluci\u00f3n digital para automatizar los contratos en el sector.","robots":{"index":"index","follow":"follow","max-snippet":"max-snippet:-1","max-image-preview":"max-image-preview:large","max-video-preview":"max-video-preview:-1"},"canonical":"https:\/\/agrocontratacion.com\/gl\/","og_locale":"gl_ES","og_type":"article","og_title":"Agrocontrataci\u00f3n - Gesti\u00f3n agraria inteligente","og_description":"Agilizamos los tr\u00e1mites del sector c\u00e1rnico vacuno de forma segura y transparente. Una soluci\u00f3n digital para automatizar los contratos en el sector.","og_url":"https:\/\/agrocontratacion.com\/gl\/","og_site_name":"Agrocontrataci\u00f3n","article_publisher":"https:\/\/www.facebook.com\/AgroContratacion\/?locale=es_ES","article_modified_time":"2024-04-19T10:23:17+00:00","twitter_card":"summary_large_image","twitter_image":"https:\/\/agrocontratacion.com\/wp-content\/uploads\/2023\/09\/logo-agrocontratacion.svg","twitter_misc":{"Tempo de lectura":"1 minuto"},"schema":{"@context":"https:\/\/schema.org","@graph":[{"@type":"WebPage","@id":"https:\/\/agrocontratacion.com\/","url":"https:\/\/agrocontratacion.com\/","name":"Agrocontrataci\u00f3n - Gesti\u00f3n agraria inteligente","isPartOf":{"@id":"https:\/\/agrocontratacion.com\/#website"},"datePublished":"2023-09-11T11:08:26+00:00","dateModified":"2024-04-19T10:23:17+00:00","description":"Agilizamos los tr\u00e1mites del sector c\u00e1rnico vacuno de forma segura y transparente. Una soluci\u00f3n digital para automatizar los contratos en el sector.","breadcrumb":{"@id":"https:\/\/agrocontratacion.com\/#breadcrumb"},"inLanguage":"gl-ES","potentialAction":[{"@type":"ReadAction","target":["https:\/\/agrocontratacion.com\/"]}]},{"@type":"BreadcrumbList","@id":"https:\/\/agrocontratacion.com\/#breadcrumb","itemListElement":[{"@type":"ListItem","position":1,"name":"Portada","item":"https:\/\/agrocontratacion.com\/"},{"@type":"ListItem","position":2,"name":"Inicio"}]},{"@type":"WebSite","@id":"https:\/\/agrocontratacion.com\/#website","url":"https:\/\/agrocontratacion.com\/","name":"Agrocontrataci\u00f3n","description":"Gesti\u00f3n agraria inteligente","publisher":{"@id":"https:\/\/agrocontratacion.com\/#organization"},"potentialAction":[{"@type":"SearchAction","target":{"@type":"EntryPoint","urlTemplate":"https:\/\/agrocontratacion.com\/?s={search_term_string}"},"query-input":"required name=search_term_string"}],"inLanguage":"gl-ES"},{"@type":"Organization","@id":"https:\/\/agrocontratacion.com\/#organization","name":"Agrocontrataci\u00f3n","url":"https:\/\/agrocontratacion.com\/","logo":{"@type":"ImageObject","inLanguage":"gl-ES","@id":"https:\/\/agrocontratacion.com\/#\/schema\/logo\/image\/","url":"https:\/\/agrocontratacion.com\/wp-content\/uploads\/2023\/09\/logo-agrocontratacion.svg","contentUrl":"https:\/\/agrocontratacion.com\/wp-content\/uploads\/2023\/09\/logo-agrocontratacion.svg","caption":"Agrocontrataci\u00f3n"},"image":{"@id":"https:\/\/agrocontratacion.com\/#\/schema\/logo\/image\/"},"sameAs":["https:\/\/www.facebook.com\/AgroContratacion\/?locale=es_ES","https:\/\/www.linkedin.com\/company\/agrocontratacion\/"]}]}},"featured_image_src":"https:\/\/agrocontratacion.com\/wp-content\/uploads\/2023\/09\/logo-agrocontratacion.svg","featured_image_src_square":"https:\/\/agrocontratacion.com\/wp-content\/uploads\/2023\/09\/logo-agrocontratacion.svg","_links":{"self":[{"href":"https:\/\/agrocontratacion.com\/gl\/wp-json\/wp\/v2\/pages\/34","targetHints":{"allow":["GET"]}}],"collection":[{"href":"https:\/\/agrocontratacion.com\/gl\/wp-json\/wp\/v2\/pages"}],"about":[{"href":"https:\/\/agrocontratacion.com\/gl\/wp-json\/wp\/v2\/types\/page"}],"author":[{"embeddable":true,"href":"https:\/\/agrocontratacion.com\/gl\/wp-json\/wp\/v2\/users\/1"}],"replies":[{"embeddable":true,"href":"https:\/\/agrocontratacion.com\/gl\/wp-json\/wp\/v2\/comments?post=34"}],"version-history":[{"count":0,"href":"https:\/\/agrocontratacion.com\/gl\/wp-json\/wp\/v2\/pages\/34\/revisions"}],"wp:featuredmedia":[{"embeddable":true,"href":"https:\/\/agrocontratacion.com\/gl\/wp-json\/wp\/v2\/media\/31"}],"wp:attachment":[{"href":"https:\/\/agrocontratacion.com\/gl\/wp-json\/wp\/v2\/media?parent=34"}],"curies":[{"name":"wp","href":"https:\/\/api.w.org\/{rel}","templated":true}]}}