{"id":318,"date":"2023-10-31T13:24:59","date_gmt":"2023-10-31T12:24:59","guid":{"rendered":"https:\/\/agrocontrata.wpenginepowered.com\/?page_id=318"},"modified":"2023-11-22T13:18:35","modified_gmt":"2023-11-22T12:18:35","slug":"aviso-legal","status":"publish","type":"page","link":"https:\/\/agrocontratacion.com\/gl\/aviso-legal\/","title":{"rendered":"Aviso Legal"},"content":{"rendered":"<div class=\"wp-block-columns pb-fluid-2xl is-layout-flex wp-container-core-columns-is-layout-9d6595d7 wp-block-columns-is-layout-flex\">\n<div class=\"wp-block-column is-layout-flow wp-block-column-is-layout-flow\">\n<h2 class=\"wp-block-heading font-extrabold font-title text-xl pb-fluid-m\">1. Datos de la entidad:<\/h2>\n<\/div>\n\n\n\n<div class=\"wp-block-column flex flex-col gap-4 pb-fluid-xl border-b border-primary-100 h-fit sm:sticky top-fluid-3xl is-layout-flow wp-block-column-is-layout-flow\">\n<p class=\"font-paragraph font-light text-base\">En cumplimiento del art\u00edculo 10 de la Ley 34\/2002, de 11 de julio, de Servicios de la Sociedad de la Informaci\u00f3n y Comercio Electr\u00f3nico, PLATAFORMA AGROCONTRATACI\u00d3N, S.L. le informa que se encuentra inscrita en el Registro Mercantil de Lugo, Tomo 4.320, Folio 119, Hoja 53.613, siendo sus datos identificativos los siguientes:<\/p>\n\n\n\n<ul class=\"font-paragraph font-light text-base wp-block-list\">\n<li><strong>Denominaci\u00f3n social:<\/strong> PLATAFORMA AGROCONTRATACI\u00d3N, S.L.<\/li>\n\n\n\n<li><strong>Nombre comercial:<\/strong> AGROCONTRATACI\u00d3N<\/li>\n\n\n\n<li><strong>C.I.F.: <\/strong>B52564903<\/li>\n\n\n\n<li><strong>Domicilio social:<\/strong> AVENIDA RAFAEL FERN\u00c1NDEZ CARDOSO, 20-22 27700 &#8211; RIBADEO (LUGO)<\/li>\n\n\n\n<li><strong>Tel\u00e9fono:<\/strong> <a href=\"tel:984 493 872\">984 493 872<\/a><\/li>\n\n\n\n<li><strong>Correo electr\u00f3nico a efectos de comunicaci\u00f3n: <\/strong><a href=\"mailto:info@agrocontratacion.com\">info@agrocontratacion.com<\/a><\/li>\n\n\n\n<li><strong>Dominio WEB: <\/strong><a href=\"https:\/\/agrocontratacion.com\/gl\/\">www.agrocontratacion.com<\/a><\/li>\n<\/ul>\n\n\n\n<p class=\"font-paragraph font-light text-base\">Todas las notificaciones y comunicaciones entre los usuarios y PLATAFORMA AGROCONTRATACI\u00d3N, S.L. se considerar\u00e1n eficaces, a todos los efectos, cuando se realicen a trav\u00e9s de correo postal o cualquier otro medio de los detallados anteriormente.<\/p>\n<\/div>\n<\/div>\n\n\n\n<div class=\"wp-block-columns pb-fluid-2xl is-layout-flex wp-container-core-columns-is-layout-9d6595d7 wp-block-columns-is-layout-flex\">\n<div class=\"wp-block-column is-layout-flow wp-block-column-is-layout-flow\">\n<h2 class=\"wp-block-heading font-extrabold font-title text-xl pb-fluid-m\">2. Condiciones de acceso y utilizaci\u00f3n:<\/h2>\n<\/div>\n\n\n\n<div class=\"wp-block-column flex flex-col gap-4 pb-fluid-xl border-b border-primary-100 h-fit sm:sticky top-fluid-3xl is-layout-flow wp-block-column-is-layout-flow\">\n<p class=\"font-paragraph font-light text-base\">El presente aviso legal regula el uso del sitio web <a href=\"https:\/\/agrocontratacion.com\/gl\/\">www.agrocontratacion.com<\/a> (en adelante, LA WEB), del que es titular PLATAFORMA AGROCONTRATACI\u00d3N, S.L.<\/p>\n\n\n\n<p class=\"font-paragraph font-light text-base\">La navegaci\u00f3n por la web de PLATAFORMA AGROCONTRATACI\u00d3N, S.L. atribuye la condici\u00f3n de usuario del mismo e implica la aceptaci\u00f3n plena y sin reservas de todas y cada una de las disposiciones incluidas en este Aviso Legal, que pueden sufrir modificaciones.<\/p>\n\n\n\n<p class=\"font-paragraph font-light text-base\">El sitio web y sus servicios son de acceso libre y gratuito, no obstante, PLATAFORMA AGROCONTRATACI\u00d3N, S.L. condiciona la utilizaci\u00f3n de algunos de los servicios ofrecidos en su web a la previa cumplimentaci\u00f3n del correspondiente formulario.<\/p>\n\n\n\n<p class=\"font-paragraph font-light text-base\">Todos los contenidos del sitio web, como textos, fotograf\u00edas, gr\u00e1ficos, im\u00e1genes, iconos, tecnolog\u00eda, software, as\u00ed como su dise\u00f1o y c\u00f3digos fuente, constituyen una obra cuya propiedad pertenece a PLATAFORMA AGROCONTRATACI\u00d3N, S.L., sin que puedan entenderse cedidos al usuario ninguno de los derechos de explotaci\u00f3n sobre los mismos m\u00e1s all\u00e1 de lo estrictamente necesario para el correcto uso de la web.<\/p>\n\n\n\n<p class=\"font-paragraph font-light text-base\">El usuario garantiza la autenticidad y actualidad de todos aquellos datos que comunique a PLATAFORMA AGROCONTRATACI\u00d3N, S.L. y ser\u00e1 el \u00fanico responsable de las manifestaciones falsas o inexactas que realice.<\/p>\n\n\n\n<p class=\"font-paragraph font-light text-base\">El usuario se obliga a hacer un uso correcto del sitio web de conformidad con las leyes, la buena fe, el orden p\u00fablico, los usos del tr\u00e1fico y el presente Aviso Legal. El usuario responder\u00e1 frente a PLATAFORMA AGROCONTRATACI\u00d3N, S.L. o frente a terceros, de cualesquiera da\u00f1os y perjuicios que pudieran causarse como consecuencia del incumplimiento de dicha obligaci\u00f3n.<\/p>\n<\/div>\n<\/div>\n\n\n\n<div class=\"wp-block-columns pb-fluid-2xl is-layout-flex wp-container-core-columns-is-layout-9d6595d7 wp-block-columns-is-layout-flex\">\n<div class=\"wp-block-column is-layout-flow wp-block-column-is-layout-flow\">\n<h2 class=\"wp-block-heading font-extrabold font-title text-xl pb-fluid-m\">3. Pol\u00edtica de enlaces y exenciones de responsabilidades:<\/h2>\n<\/div>\n\n\n\n<div class=\"wp-block-column flex flex-col gap-4 pb-fluid-xl border-b border-primary-100 h-fit sm:sticky top-fluid-3xl is-layout-flow wp-block-column-is-layout-flow\">\n<p class=\"font-paragraph font-light text-base\">PLATAFORMA AGROCONTRATACI\u00d3N, S.L. no se hace responsable del contenido de las p\u00e1ginas web a las que el usuario pueda acceder a trav\u00e9s de los enlaces establecidos en LA WEB y declara que en ning\u00fan caso proceder\u00e1 a examinar o ejercitar ning\u00fan tipo de control sobre el contenido de otras p\u00e1ginas de la red. Asimismo, tampoco garantizar\u00e1 la disponibilidad t\u00e9cnica, exactitud, veracidad, validez o legalidad de p\u00e1ginas ajenas a su propiedad a las que se pueda acceder por medio de los enlaces.<\/p>\n\n\n\n<p class=\"font-paragraph font-light text-base\">PLATAFORMA AGROCONTRATACI\u00d3N, S.L. declara haber adoptado todas las medidas necesarias para evitar cualesquiera da\u00f1os que, a los usuarios de LA WEB, pudieran derivarse de la navegaci\u00f3n por la misma. En consecuencia, PLATAFORMA AGROCONTRATACI\u00d3N, S.L. no se hace responsable, en ning\u00fan caso, de los eventuales da\u00f1os que por la navegaci\u00f3n por Internet pudiera sufrir el usuario.<\/p>\n<\/div>\n<\/div>\n\n\n\n<div class=\"wp-block-columns pb-fluid-2xl is-layout-flex wp-container-core-columns-is-layout-9d6595d7 wp-block-columns-is-layout-flex\">\n<div class=\"wp-block-column is-layout-flow wp-block-column-is-layout-flow\">\n<h2 class=\"wp-block-heading font-extrabold font-title text-xl pb-fluid-m\">4. Uso de Cookies y datos estad\u00edsticos:<\/h2>\n<\/div>\n\n\n\n<div class=\"wp-block-column flex flex-col gap-4 pb-fluid-xl border-b border-primary-100 h-fit sm:sticky top-fluid-3xl is-layout-flow wp-block-column-is-layout-flow\">\n<p class=\"font-paragraph font-light text-base\">Esta p\u00e1gina web puede recoger datos de sus visitantes por medio del uso de cookies, donde se recabar\u00e1 informaci\u00f3n personal relacionada con su navegaci\u00f3n. Para conocer de manera clara y precisa las cookies que utilizamos, cu\u00e1les son sus finalidades y c\u00f3mo puede configurarlas o deshabilitarlas, consulte nuestra <a href=\"https:\/\/agrocontrata.wpenginepowered.com\/cookies\/\" data-type=\"page\" data-id=\"304\">pol\u00edtica de cookies<\/a>, en su caso.<\/p>\n\n\n\n<p class=\"font-paragraph font-light text-base\">El usuario tiene la posibilidad de configurar su navegador de modo que se le informe de la recepci\u00f3n de cookies, pudiendo, si as\u00ed lo desea, impedir que sean instaladas en su disco duro.<\/p>\n<\/div>\n<\/div>\n\n\n\n<div class=\"wp-block-columns pb-fluid-2xl is-layout-flex wp-container-core-columns-is-layout-9d6595d7 wp-block-columns-is-layout-flex\">\n<div class=\"wp-block-column is-layout-flow wp-block-column-is-layout-flow\">\n<h2 class=\"wp-block-heading font-extrabold font-title text-xl pb-fluid-m\">5. Protecci\u00f3n de datos:<\/h2>\n<\/div>\n\n\n\n<div class=\"wp-block-column flex flex-col gap-4 pb-fluid-xl border-b border-primary-100 h-fit sm:sticky top-fluid-3xl is-layout-flow wp-block-column-is-layout-flow\">\n<p class=\"font-paragraph font-light text-base\">En el caso de que en la web se recojan datos de car\u00e1cter personal, para m\u00e1s informaci\u00f3n consultar la <a href=\"https:\/\/agrocontrata.wpenginepowered.com\/privacy-policy\/\" data-type=\"page\" data-id=\"3\">pol\u00edtica de privacidad<\/a>.<\/p>\n<\/div>\n<\/div>\n\n\n\n<div class=\"wp-block-columns pb-fluid-2xl is-layout-flex wp-container-core-columns-is-layout-9d6595d7 wp-block-columns-is-layout-flex\">\n<div class=\"wp-block-column is-layout-flow wp-block-column-is-layout-flow\">\n<h2 class=\"wp-block-heading font-extrabold font-title text-xl pb-fluid-m\">6. Resoluci\u00f3n de controversias. Ley Aplicable y jurisdicci\u00f3n:<\/h2>\n<\/div>\n\n\n\n<div class=\"wp-block-column flex flex-col gap-4 pb-fluid-xl border-b border-primary-100 h-fit sm:sticky top-fluid-3xl is-layout-flow wp-block-column-is-layout-flow\">\n<p class=\"font-paragraph font-light text-base\">Las presentes Condiciones Generales de Uso, as\u00ed como el uso del Espacio Web, se regir\u00e1n por la legislaci\u00f3n espa\u00f1ola. Para la resoluci\u00f3n de cualquier controversia las partes se someter\u00e1n a los Juzgados y Tribunales del domicilio social del responsable del sitio web.<\/p>\n\n\n\n<p class=\"font-paragraph font-light text-base\">En el supuesto de que cualquier estipulaci\u00f3n de las presentes Condiciones Generales de Uso resultara inexigible o nula en virtud de la legislaci\u00f3n aplicable o como consecuencia de una resoluci\u00f3n judicial o administrativa, dicha inexigibilidad o nulidad no har\u00e1 que las presentes Condiciones Generales de Uso resulten inexigibles o nulas en su conjunto. En dichos casos, la empresa proceder\u00e1 a la modificaci\u00f3n o sustituci\u00f3n de dicha estipulaci\u00f3n por otra que sea v\u00e1lida y exigible y que, en la medida de lo posible, consiga el objetivo y pretensi\u00f3n reflejados en la estipulaci\u00f3n original.<\/p>\n<\/div>\n<\/div>","protected":false},"excerpt":{"rendered":"<p>1. Datos de la entidad: En cumplimiento del art\u00edculo 10 de la Ley 34\/2002, de 11 de julio, de Servicios de la Sociedad de la Informaci\u00f3n y Comercio Electr\u00f3nico, PLATAFORMA AGROCONTRATACI\u00d3N, S.L. le informa que se encuentra inscrita en el Registro Mercantil de Lugo, Tomo 4.320, Folio 119, Hoja 53.613, siendo sus datos identificativos los [&hellip;]<\/p>","protected":false},"author":1,"featured_media":0,"parent":0,"menu_order":0,"comment_status":"closed","ping_status":"closed","template":"","meta":{"content-type":"","footnotes":""},"class_list":["post-318","page","type-page","status-publish","hentry"],"yoast_head":"<!-- This site is optimized with the Yoast SEO plugin v21.7 - https:\/\/yoast.com\/wordpress\/plugins\/seo\/ -->\n<title>Aviso Legal - Agrocontrataci\u00f3n<\/title>\n<meta name=\"robots\" content=\"index, follow, max-snippet:-1, max-image-preview:large, max-video-preview:-1\" \/>\n<link rel=\"canonical\" href=\"https:\/\/agrocontratacion.com\/gl\/aviso-legal\/\" \/>\n<meta property=\"og:locale\" content=\"gl_ES\" \/>\n<meta property=\"og:type\" content=\"article\" \/>\n<meta property=\"og:title\" content=\"Aviso Legal - Agrocontrataci\u00f3n\" \/>\n<meta property=\"og:description\" content=\"1. Datos de la entidad: En cumplimiento del art\u00edculo 10 de la Ley 34\/2002, de 11 de julio, de Servicios de la Sociedad de la Informaci\u00f3n y Comercio Electr\u00f3nico, PLATAFORMA AGROCONTRATACI\u00d3N, S.L. le informa que se encuentra inscrita en el Registro Mercantil de Lugo, Tomo 4.320, Folio 119, Hoja 53.613, siendo sus datos identificativos los [&hellip;]\" \/>\n<meta property=\"og:url\" content=\"https:\/\/agrocontratacion.com\/gl\/aviso-legal\/\" \/>\n<meta property=\"og:site_name\" content=\"Agrocontrataci\u00f3n\" \/>\n<meta property=\"article:publisher\" content=\"https:\/\/www.facebook.com\/AgroContratacion\/?locale=es_ES\" \/>\n<meta property=\"article:modified_time\" content=\"2023-11-22T12:18:35+00:00\" \/>\n<meta name=\"twitter:card\" content=\"summary_large_image\" \/>\n<meta name=\"twitter:label1\" content=\"Tempo de lectura\" \/>\n\t<meta name=\"twitter:data1\" content=\"4 minutos\" \/>\n<script type=\"application\/ld+json\" class=\"yoast-schema-graph\">{\"@context\":\"https:\/\/schema.org\",\"@graph\":[{\"@type\":\"WebPage\",\"@id\":\"https:\/\/agrocontratacion.com\/aviso-legal\/\",\"url\":\"https:\/\/agrocontratacion.com\/aviso-legal\/\",\"name\":\"Aviso Legal - Agrocontrataci\u00f3n\",\"isPartOf\":{\"@id\":\"https:\/\/agrocontratacion.com\/#website\"},\"datePublished\":\"2023-10-31T12:24:59+00:00\",\"dateModified\":\"2023-11-22T12:18:35+00:00\",\"breadcrumb\":{\"@id\":\"https:\/\/agrocontratacion.com\/aviso-legal\/#breadcrumb\"},\"inLanguage\":\"gl-ES\",\"potentialAction\":[{\"@type\":\"ReadAction\",\"target\":[\"https:\/\/agrocontratacion.com\/aviso-legal\/\"]}]},{\"@type\":\"BreadcrumbList\",\"@id\":\"https:\/\/agrocontratacion.com\/aviso-legal\/#breadcrumb\",\"itemListElement\":[{\"@type\":\"ListItem\",\"position\":1,\"name\":\"Portada\",\"item\":\"https:\/\/agrocontratacion.com\/\"},{\"@type\":\"ListItem\",\"position\":2,\"name\":\"Aviso Legal\"}]},{\"@type\":\"WebSite\",\"@id\":\"https:\/\/agrocontratacion.com\/#website\",\"url\":\"https:\/\/agrocontratacion.com\/\",\"name\":\"Agrocontrataci\u00f3n\",\"description\":\"Gesti\u00f3n agraria inteligente\",\"publisher\":{\"@id\":\"https:\/\/agrocontratacion.com\/#organization\"},\"potentialAction\":[{\"@type\":\"SearchAction\",\"target\":{\"@type\":\"EntryPoint\",\"urlTemplate\":\"https:\/\/agrocontratacion.com\/?s={search_term_string}\"},\"query-input\":\"required name=search_term_string\"}],\"inLanguage\":\"gl-ES\"},{\"@type\":\"Organization\",\"@id\":\"https:\/\/agrocontratacion.com\/#organization\",\"name\":\"Agrocontrataci\u00f3n\",\"url\":\"https:\/\/agrocontratacion.com\/\",\"logo\":{\"@type\":\"ImageObject\",\"inLanguage\":\"gl-ES\",\"@id\":\"https:\/\/agrocontratacion.com\/#\/schema\/logo\/image\/\",\"url\":\"https:\/\/agrocontratacion.com\/wp-content\/uploads\/2023\/09\/logo-agrocontratacion.svg\",\"contentUrl\":\"https:\/\/agrocontratacion.com\/wp-content\/uploads\/2023\/09\/logo-agrocontratacion.svg\",\"caption\":\"Agrocontrataci\u00f3n\"},\"image\":{\"@id\":\"https:\/\/agrocontratacion.com\/#\/schema\/logo\/image\/\"},\"sameAs\":[\"https:\/\/www.facebook.com\/AgroContratacion\/?locale=es_ES\",\"https:\/\/www.linkedin.com\/company\/agrocontratacion\/\"]}]}<\/script>\n<!-- \/ Yoast SEO plugin. -->","yoast_head_json":{"title":"Aviso Legal - Agrocontrataci\u00f3n","robots":{"index":"index","follow":"follow","max-snippet":"max-snippet:-1","max-image-preview":"max-image-preview:large","max-video-preview":"max-video-preview:-1"},"canonical":"https:\/\/agrocontratacion.com\/gl\/aviso-legal\/","og_locale":"gl_ES","og_type":"article","og_title":"Aviso Legal - Agrocontrataci\u00f3n","og_description":"1. Datos de la entidad: En cumplimiento del art\u00edculo 10 de la Ley 34\/2002, de 11 de julio, de Servicios de la Sociedad de la Informaci\u00f3n y Comercio Electr\u00f3nico, PLATAFORMA AGROCONTRATACI\u00d3N, S.L. le informa que se encuentra inscrita en el Registro Mercantil de Lugo, Tomo 4.320, Folio 119, Hoja 53.613, siendo sus datos identificativos los [&hellip;]","og_url":"https:\/\/agrocontratacion.com\/gl\/aviso-legal\/","og_site_name":"Agrocontrataci\u00f3n","article_publisher":"https:\/\/www.facebook.com\/AgroContratacion\/?locale=es_ES","article_modified_time":"2023-11-22T12:18:35+00:00","twitter_card":"summary_large_image","twitter_misc":{"Tempo de lectura":"4 minutos"},"schema":{"@context":"https:\/\/schema.org","@graph":[{"@type":"WebPage","@id":"https:\/\/agrocontratacion.com\/aviso-legal\/","url":"https:\/\/agrocontratacion.com\/aviso-legal\/","name":"Aviso Legal - Agrocontrataci\u00f3n","isPartOf":{"@id":"https:\/\/agrocontratacion.com\/#website"},"datePublished":"2023-10-31T12:24:59+00:00","dateModified":"2023-11-22T12:18:35+00:00","breadcrumb":{"@id":"https:\/\/agrocontratacion.com\/aviso-legal\/#breadcrumb"},"inLanguage":"gl-ES","potentialAction":[{"@type":"ReadAction","target":["https:\/\/agrocontratacion.com\/aviso-legal\/"]}]},{"@type":"BreadcrumbList","@id":"https:\/\/agrocontratacion.com\/aviso-legal\/#breadcrumb","itemListElement":[{"@type":"ListItem","position":1,"name":"Portada","item":"https:\/\/agrocontratacion.com\/"},{"@type":"ListItem","position":2,"name":"Aviso Legal"}]},{"@type":"WebSite","@id":"https:\/\/agrocontratacion.com\/#website","url":"https:\/\/agrocontratacion.com\/","name":"Agrocontrataci\u00f3n","description":"Gesti\u00f3n agraria inteligente","publisher":{"@id":"https:\/\/agrocontratacion.com\/#organization"},"potentialAction":[{"@type":"SearchAction","target":{"@type":"EntryPoint","urlTemplate":"https:\/\/agrocontratacion.com\/?s={search_term_string}"},"query-input":"required name=search_term_string"}],"inLanguage":"gl-ES"},{"@type":"Organization","@id":"https:\/\/agrocontratacion.com\/#organization","name":"Agrocontrataci\u00f3n","url":"https:\/\/agrocontratacion.com\/","logo":{"@type":"ImageObject","inLanguage":"gl-ES","@id":"https:\/\/agrocontratacion.com\/#\/schema\/logo\/image\/","url":"https:\/\/agrocontratacion.com\/wp-content\/uploads\/2023\/09\/logo-agrocontratacion.svg","contentUrl":"https:\/\/agrocontratacion.com\/wp-content\/uploads\/2023\/09\/logo-agrocontratacion.svg","caption":"Agrocontrataci\u00f3n"},"image":{"@id":"https:\/\/agrocontratacion.com\/#\/schema\/logo\/image\/"},"sameAs":["https:\/\/www.facebook.com\/AgroContratacion\/?locale=es_ES","https:\/\/www.linkedin.com\/company\/agrocontratacion\/"]}]}},"featured_image_src":null,"featured_image_src_square":null,"_links":{"self":[{"href":"https:\/\/agrocontratacion.com\/gl\/wp-json\/wp\/v2\/pages\/318","targetHints":{"allow":["GET"]}}],"collection":[{"href":"https:\/\/agrocontratacion.com\/gl\/wp-json\/wp\/v2\/pages"}],"about":[{"href":"https:\/\/agrocontratacion.com\/gl\/wp-json\/wp\/v2\/types\/page"}],"author":[{"embeddable":true,"href":"https:\/\/agrocontratacion.com\/gl\/wp-json\/wp\/v2\/users\/1"}],"replies":[{"embeddable":true,"href":"https:\/\/agrocontratacion.com\/gl\/wp-json\/wp\/v2\/comments?post=318"}],"version-history":[{"count":0,"href":"https:\/\/agrocontratacion.com\/gl\/wp-json\/wp\/v2\/pages\/318\/revisions"}],"wp:attachment":[{"href":"https:\/\/agrocontratacion.com\/gl\/wp-json\/wp\/v2\/media?parent=318"}],"curies":[{"name":"wp","href":"https:\/\/api.w.org\/{rel}","templated":true}]}}