{"id":3,"date":"2023-09-06T12:52:24","date_gmt":"2023-09-06T12:52:24","guid":{"rendered":"https:\/\/agrocontratacion.local\/?page_id=3"},"modified":"2023-10-31T15:15:37","modified_gmt":"2023-10-31T14:15:37","slug":"privacy-policy","status":"publish","type":"page","link":"https:\/\/agrocontratacion.com\/gl\/privacy-policy\/","title":{"rendered":"Pol\u00edtica de Privacidade"},"content":{"rendered":"<div class=\"wp-block-columns pb-fluid-2xl is-layout-flex wp-container-core-columns-is-layout-9d6595d7 wp-block-columns-is-layout-flex\">\n<div class=\"wp-block-column is-layout-flow wp-block-column-is-layout-flow\">\n<h2 class=\"wp-block-heading font-extrabold font-title text-xl pb-fluid-m\">1. Derecho de informaci\u00f3n:<\/h2>\n<\/div>\n\n\n\n<div class=\"wp-block-column flex flex-col gap-4 pb-fluid-xl border-b border-primary-100 h-fit sm:sticky top-fluid-3xl is-layout-flow wp-block-column-is-layout-flow\">\n<p class=\"font-paragraph font-light text-base\">A los efectos de lo dispuesto en el Reglamento (UE) 2016\/679 de 27 de abril de 2016 (GDPR), relativo a la protecci\u00f3n de las personas f\u00edsicas en lo que respecta al tratamiento de datos personales y a la libre circulaci\u00f3n de estos datos y a la Ley Org\u00e1nica 3\/2018 de 5 de diciembre, de protecci\u00f3n de datos de<br>car\u00e1cter personal y garant\u00eda de los derechos digitales (LOPDGDD), se informa al usuario de la existencia<br>de un tratamiento automatizado de datos de car\u00e1cter personal creado por PLATAFORMA AGROCONTRATACI\u00d3N, S.L. y bajo su responsabilidad con los datos personales que nos pudiera facilitar durante la navegaci\u00f3n por nuestro Sitio Web ya bien sea en el momento de su registro o cuando remita<br>un mensaje de correo electr\u00f3nico.<\/p>\n<\/div>\n<\/div>\n\n\n\n<div class=\"wp-block-columns pb-fluid-2xl is-layout-flex wp-container-core-columns-is-layout-9d6595d7 wp-block-columns-is-layout-flex\">\n<div class=\"wp-block-column is-layout-flow wp-block-column-is-layout-flow\">\n<h2 class=\"wp-block-heading font-extrabold font-title text-xl pb-fluid-m\">2. Responsable del tratamiento:<\/h2>\n<\/div>\n\n\n\n<div class=\"wp-block-column flex flex-col gap-4 pb-fluid-xl border-b border-primary-100 h-fit sm:sticky top-fluid-3xl is-layout-flow wp-block-column-is-layout-flow\">\n<ul class=\"font-paragraph font-light text-base wp-block-list\">\n<li><strong>Denominaci\u00f3n social: <\/strong>PLATAFORMA AGROCONTRATACI\u00d3N, S.L.<\/li>\n\n\n\n<li><strong>Nombre comercial:<\/strong> AGROCONTRATACI\u00d3N<\/li>\n\n\n\n<li><strong>CIF:<\/strong> B52564903<\/li>\n\n\n\n<li><strong>Domicilio social: <\/strong>AVENIDA RAFAEL FERN\u00c1NDEZ CARDOSO, 20-22, 27700 &#8211; RIBADEO (LUGO)<\/li>\n\n\n\n<li><strong>Tel\u00e9fono: <\/strong><a href=\"tel: 34684696233\">684696233<\/a><\/li>\n\n\n\n<li><strong>Correo electr\u00f3nico a efectos de comunicaci\u00f3n: <\/strong><a href=\"mailto:info@agrocontratacion.com\">info@agrocontratacion.com<\/a><\/li>\n<\/ul>\n<\/div>\n<\/div>\n\n\n\n<div class=\"wp-block-columns pb-fluid-2xl is-layout-flex wp-container-core-columns-is-layout-9d6595d7 wp-block-columns-is-layout-flex\">\n<div class=\"wp-block-column is-layout-flow wp-block-column-is-layout-flow\">\n<h2 class=\"wp-block-heading font-extrabold font-title text-xl pb-fluid-m\">3. Finalidad del tratamiento:<\/h2>\n<\/div>\n\n\n\n<div class=\"wp-block-column flex flex-col gap-4 pb-fluid-xl border-b border-primary-100 h-fit sm:sticky top-fluid-3xl is-layout-flow wp-block-column-is-layout-flow\">\n<p class=\"font-paragraph font-light text-base\">La finalidad del tratamiento es la descrita en cada uno de los formularios establecidos en la p\u00e1gina web en los que usted nos facilita sus datos.<\/p>\n<\/div>\n<\/div>\n\n\n\n<div class=\"wp-block-columns pb-fluid-2xl is-layout-flex wp-container-core-columns-is-layout-9d6595d7 wp-block-columns-is-layout-flex\">\n<div class=\"wp-block-column is-layout-flow wp-block-column-is-layout-flow\">\n<h2 class=\"wp-block-heading font-extrabold font-title text-xl pb-fluid-m\">4. Legitimaci\u00f3n:<\/h2>\n<\/div>\n\n\n\n<div class=\"wp-block-column flex flex-col gap-4 pb-fluid-xl border-b border-primary-100 h-fit sm:sticky top-fluid-3xl is-layout-flow wp-block-column-is-layout-flow\">\n<p class=\"font-paragraph font-light text-base\">Art\u00edculo 6.1.a) del RGPD. El interesado dio su consentimiento para el tratamiento de sus datos personales para uno o varios fines espec\u00edficos.<\/p>\n\n\n\n<p class=\"font-paragraph font-light text-base\">Art\u00edculo 6.1.b) del RGPD. Tratamiento necesario para la ejecuci\u00f3n de un contrato en el que el interesado es parte o para la aplicaci\u00f3n a petici\u00f3n de \u00e9ste de medidas precontractuales.<\/p>\n<\/div>\n<\/div>\n\n\n\n<div class=\"wp-block-columns pb-fluid-2xl is-layout-flex wp-container-core-columns-is-layout-9d6595d7 wp-block-columns-is-layout-flex\">\n<div class=\"wp-block-column is-layout-flow wp-block-column-is-layout-flow\">\n<h2 class=\"wp-block-heading font-extrabold font-title text-xl pb-fluid-m\">5. Conservaci\u00f3n y tratamiento de los datos:<\/h2>\n<\/div>\n\n\n\n<div class=\"wp-block-column flex flex-col gap-4 pb-fluid-xl border-b border-primary-100 h-fit sm:sticky top-fluid-3xl is-layout-flow wp-block-column-is-layout-flow\">\n<p class=\"font-paragraph font-light text-base\">Sus datos ser\u00e1n conservados durante el tiempo necesario para atender su solicitud, siempre y cuando no nos indique lo contrario ejerciendo su derecho de supresi\u00f3n, o durante el tiempo necesario para cumplir con las obligaciones legales y atender las posibles responsabilidades que pudieran derivar del cumplimiento de la finalidad para la que los datos fueron recabados. En caso de ser necesario, PLATAFORMA AGROCONTRATACI\u00d3N, S.L. cancelar\u00e1 o rectificar\u00e1 los datos cuando resulten inexactos,<br>incompletos o hayan dejado de ser necesarios para su finalidad, de conformidad con lo previsto en la legislaci\u00f3n vigente en materia de Protecci\u00f3n de Datos de Car\u00e1cter Personal.<\/p>\n\n\n\n<p class=\"font-paragraph font-light text-base\">Mientras no nos comunique lo contrario, entenderemos que sus datos no han sido modificados, que usted se compromete a notificarnos cualquier variaci\u00f3n y que tenemos el consentimiento para utilizarlos a fin de poder fidelizar la relaci\u00f3n entre las partes.<\/p>\n\n\n\n<p class=\"font-paragraph font-light text-base\">Los datos facilitados no ser\u00e1n cedidos a terceros salvo en los casos en que exista una obligaci\u00f3n legal. PLATAFORMA AGROCONTRATACI\u00d3N, S.L. no elaborar\u00e1 ning\u00fan tipo de \u201cperfil\u201d, en base a la informaci\u00f3n facilitada. No se tomar\u00e1n decisiones automatizadas en base a perfiles.<\/p>\n\n\n\n<p class=\"font-paragraph font-light text-base\">De acuerdo con lo que establece la Ley 34\/2002, de Servicios de la Sociedad de la Informaci\u00f3n y el Comercio Electr\u00f3nico en su art\u00edculo 21, solicitaremos su consentimiento para poder realizar<br>comunicaciones publicitarias que consideremos puedan ser de su inter\u00e9s, por correo electr\u00f3nico o por cualquier otro medio de comunicaci\u00f3n electr\u00f3nica equivalente. <\/p>\n\n\n\n<p class=\"font-paragraph font-light text-base\">Usted tiene derecho a oponerse y\/o retirar el consentimiento al tratamiento de los datos indicados anteriormente, en su caso, y en cualquier momento, sin que ello afecte a la licitud del tratamiento basado en el consentimiento previo a su retirada, mediante notificaci\u00f3n al responsable del tratamiento en la\/s direcci\u00f3n\/es indicada\/s.<\/p>\n<\/div>\n<\/div>\n\n\n\n<div class=\"wp-block-columns pb-fluid-2xl is-layout-flex wp-container-core-columns-is-layout-9d6595d7 wp-block-columns-is-layout-flex\">\n<div class=\"wp-block-column is-layout-flow wp-block-column-is-layout-flow\">\n<h2 class=\"wp-block-heading font-extrabold font-title text-xl pb-fluid-m\">6. Medidas t\u00e9cnicas y organizativas:<\/h2>\n<\/div>\n\n\n\n<div class=\"wp-block-column flex flex-col gap-4 pb-fluid-xl border-b border-primary-100 h-fit sm:sticky top-fluid-3xl is-layout-flow wp-block-column-is-layout-flow\">\n<p class=\"font-paragraph font-light text-base\">PLATAFORMA AGROCONTRATACI\u00d3N, S.L. adopta las medidas t\u00e9cnicas, controles y procedimientos de car\u00e1cter f\u00edsico, organizativo y tecnol\u00f3gico, razonablemente fiables y efectivos, orientados a preservar la integridad y la seguridad de sus datos y garantizar su privacidad. No obstante, no asume ninguna<br>responsabilidad por los da\u00f1os y perjuicios derivados de alteraciones que terceros puedan causar en los sistemas inform\u00e1ticos, documentos electr\u00f3nicos o ficheros del usuario.<\/p>\n\n\n\n<p class=\"font-paragraph font-light text-base\">Adem\u00e1s, todo el personal con acceso a los datos personales ha sido formado y tiene conocimiento de sus obligaciones con relaci\u00f3n a los tratamientos de datos personales.<\/p>\n\n\n\n<p class=\"font-paragraph font-light text-base\">En el caso de los contratos que suscribimos con nuestros proveedores incluimos cl\u00e1usulas en las que se les exige mantener el deber de secreto respecto a los datos de car\u00e1cter personal a los que hayan tenido acceso en virtud del encargo realizado, as\u00ed como implantar las medidas de seguridad t\u00e9cnicas y organizativas necesarias para garantizar la confidencialidad, integridad, disponibilidad y resiliencia permanentes de los sistemas y servicios de tratamiento de los datos personales.<\/p>\n\n\n\n<p class=\"font-paragraph font-light text-base\">Todas estas medidas de seguridad son revisadas de forma peri\u00f3dica para garantizar su adecuaci\u00f3n y efectividad.<\/p>\n\n\n\n<p class=\"font-paragraph font-light text-base\">Sin embargo, la seguridad absoluta no se puede garantizar y no existe ning\u00fan sistema de seguridad que sea impenetrable por lo que, en el caso de cualquier informaci\u00f3n objeto de tratamiento y bajo nuestro control se viese comprometida como consecuencia de una brecha de seguridad, tomaremos las medidas adecuadas para investigar el incidente, notificarlo a la Autoridad de Control y, en su caso, a aquellos usuarios que se hubieran podido ver afectados para que tomen las medidas adecuadas.<\/p>\n<\/div>\n<\/div>\n\n\n\n<div class=\"wp-block-columns pb-fluid-2xl is-layout-flex wp-container-core-columns-is-layout-9d6595d7 wp-block-columns-is-layout-flex\">\n<div class=\"wp-block-column is-layout-flow wp-block-column-is-layout-flow\">\n<h2 class=\"wp-block-heading font-extrabold font-title text-xl pb-fluid-m\">7. Derecho:<\/h2>\n<\/div>\n\n\n\n<div class=\"wp-block-column flex flex-col gap-4 pb-fluid-xl border-b border-primary-100 h-fit sm:sticky top-fluid-3xl is-layout-flow wp-block-column-is-layout-flow\">\n<p class=\"font-paragraph font-light text-base\">El usuario podr\u00e1 ejercer los derechos de acceso, rectificaci\u00f3n, supresi\u00f3n, oposici\u00f3n, limitaci\u00f3n del tratamiento, portabilidad de datos y a no ser objeto de decisiones individualizadas automatizadas, en relaci\u00f3n con los datos objeto del tratamiento, ante el responsable del tratamiento en la direcci\u00f3n anteriormente mencionada, o por correo electr\u00f3nico a <a href=\"mailto:info@agrocontratacion.com\">info@agrocontratacion.com<\/a>, adjuntando copia de su DNI o documento equivalente. En caso de que no haya obtenido satisfacci\u00f3n en el ejercicio de sus derechos, podr\u00e1 presentar una reclamaci\u00f3n ante la Autoridad de Control en materia Protecci\u00f3n de Datos competente, siendo \u00e9sta la Agencia Espa\u00f1ola de Protecci\u00f3n de Datos, y cuyos datos de contacto est\u00e1n accesibles en <a href=\"https:\/\/sedeagpd.gob.es\/sede-electronica-web\/vistas\/formNuevaReclamacion\/reclamacion.jsf\">https:\/\/sedeagpd.gob.es\/sede-electronica-web\/vistas\/formNuevaReclamacion\/reclamacion.jsf<\/a><\/p>\n<\/div>\n<\/div>","protected":false},"excerpt":{"rendered":"<p>1. Derecho de informaci\u00f3n: A los efectos de lo dispuesto en el Reglamento (UE) 2016\/679 de 27 de abril de 2016 (GDPR), relativo a la protecci\u00f3n de las personas f\u00edsicas en lo que respecta al tratamiento de datos personales y a la libre circulaci\u00f3n de estos datos y a la Ley Org\u00e1nica 3\/2018 de 5 [&hellip;]<\/p>","protected":false},"author":1,"featured_media":0,"parent":0,"menu_order":0,"comment_status":"closed","ping_status":"open","template":"","meta":{"content-type":"","footnotes":""},"class_list":["post-3","page","type-page","status-publish","hentry"],"yoast_head":"<!-- This site is optimized with the Yoast SEO plugin v21.7 - https:\/\/yoast.com\/wordpress\/plugins\/seo\/ -->\n<title>Pol\u00edtica de privacidad - Agrocontrataci\u00f3n<\/title>\n<meta name=\"robots\" content=\"index, follow, max-snippet:-1, max-image-preview:large, max-video-preview:-1\" \/>\n<link rel=\"canonical\" href=\"https:\/\/agrocontratacion.com\/gl\/privacy-policy\/\" \/>\n<meta property=\"og:locale\" content=\"gl_ES\" \/>\n<meta property=\"og:type\" content=\"article\" \/>\n<meta property=\"og:title\" content=\"Pol\u00edtica de privacidad - Agrocontrataci\u00f3n\" \/>\n<meta property=\"og:description\" content=\"1. Derecho de informaci\u00f3n: A los efectos de lo dispuesto en el Reglamento (UE) 2016\/679 de 27 de abril de 2016 (GDPR), relativo a la protecci\u00f3n de las personas f\u00edsicas en lo que respecta al tratamiento de datos personales y a la libre circulaci\u00f3n de estos datos y a la Ley Org\u00e1nica 3\/2018 de 5 [&hellip;]\" \/>\n<meta property=\"og:url\" content=\"https:\/\/agrocontratacion.com\/gl\/privacy-policy\/\" \/>\n<meta property=\"og:site_name\" content=\"Agrocontrataci\u00f3n\" \/>\n<meta property=\"article:publisher\" content=\"https:\/\/www.facebook.com\/AgroContratacion\/?locale=es_ES\" \/>\n<meta property=\"article:modified_time\" content=\"2023-10-31T14:15:37+00:00\" \/>\n<meta name=\"twitter:card\" content=\"summary_large_image\" \/>\n<meta name=\"twitter:label1\" content=\"Tempo de lectura\" \/>\n\t<meta name=\"twitter:data1\" content=\"5 minutos\" \/>\n<script type=\"application\/ld+json\" class=\"yoast-schema-graph\">{\"@context\":\"https:\/\/schema.org\",\"@graph\":[{\"@type\":\"WebPage\",\"@id\":\"https:\/\/agrocontratacion.com\/privacy-policy\/\",\"url\":\"https:\/\/agrocontratacion.com\/privacy-policy\/\",\"name\":\"Pol\u00edtica de privacidad - Agrocontrataci\u00f3n\",\"isPartOf\":{\"@id\":\"https:\/\/agrocontratacion.com\/#website\"},\"datePublished\":\"2023-09-06T12:52:24+00:00\",\"dateModified\":\"2023-10-31T14:15:37+00:00\",\"breadcrumb\":{\"@id\":\"https:\/\/agrocontratacion.com\/privacy-policy\/#breadcrumb\"},\"inLanguage\":\"gl-ES\",\"potentialAction\":[{\"@type\":\"ReadAction\",\"target\":[\"https:\/\/agrocontratacion.com\/privacy-policy\/\"]}]},{\"@type\":\"BreadcrumbList\",\"@id\":\"https:\/\/agrocontratacion.com\/privacy-policy\/#breadcrumb\",\"itemListElement\":[{\"@type\":\"ListItem\",\"position\":1,\"name\":\"Portada\",\"item\":\"https:\/\/agrocontratacion.com\/\"},{\"@type\":\"ListItem\",\"position\":2,\"name\":\"Pol\u00edtica de privacidad\"}]},{\"@type\":\"WebSite\",\"@id\":\"https:\/\/agrocontratacion.com\/#website\",\"url\":\"https:\/\/agrocontratacion.com\/\",\"name\":\"Agrocontrataci\u00f3n\",\"description\":\"Gesti\u00f3n agraria inteligente\",\"publisher\":{\"@id\":\"https:\/\/agrocontratacion.com\/#organization\"},\"potentialAction\":[{\"@type\":\"SearchAction\",\"target\":{\"@type\":\"EntryPoint\",\"urlTemplate\":\"https:\/\/agrocontratacion.com\/?s={search_term_string}\"},\"query-input\":\"required name=search_term_string\"}],\"inLanguage\":\"gl-ES\"},{\"@type\":\"Organization\",\"@id\":\"https:\/\/agrocontratacion.com\/#organization\",\"name\":\"Agrocontrataci\u00f3n\",\"url\":\"https:\/\/agrocontratacion.com\/\",\"logo\":{\"@type\":\"ImageObject\",\"inLanguage\":\"gl-ES\",\"@id\":\"https:\/\/agrocontratacion.com\/#\/schema\/logo\/image\/\",\"url\":\"https:\/\/agrocontratacion.com\/wp-content\/uploads\/2023\/09\/logo-agrocontratacion.svg\",\"contentUrl\":\"https:\/\/agrocontratacion.com\/wp-content\/uploads\/2023\/09\/logo-agrocontratacion.svg\",\"caption\":\"Agrocontrataci\u00f3n\"},\"image\":{\"@id\":\"https:\/\/agrocontratacion.com\/#\/schema\/logo\/image\/\"},\"sameAs\":[\"https:\/\/www.facebook.com\/AgroContratacion\/?locale=es_ES\",\"https:\/\/www.linkedin.com\/company\/agrocontratacion\/\"]}]}<\/script>\n<!-- \/ Yoast SEO plugin. -->","yoast_head_json":{"title":"Pol\u00edtica de privacidad - Agrocontrataci\u00f3n","robots":{"index":"index","follow":"follow","max-snippet":"max-snippet:-1","max-image-preview":"max-image-preview:large","max-video-preview":"max-video-preview:-1"},"canonical":"https:\/\/agrocontratacion.com\/gl\/privacy-policy\/","og_locale":"gl_ES","og_type":"article","og_title":"Pol\u00edtica de privacidad - Agrocontrataci\u00f3n","og_description":"1. Derecho de informaci\u00f3n: A los efectos de lo dispuesto en el Reglamento (UE) 2016\/679 de 27 de abril de 2016 (GDPR), relativo a la protecci\u00f3n de las personas f\u00edsicas en lo que respecta al tratamiento de datos personales y a la libre circulaci\u00f3n de estos datos y a la Ley Org\u00e1nica 3\/2018 de 5 [&hellip;]","og_url":"https:\/\/agrocontratacion.com\/gl\/privacy-policy\/","og_site_name":"Agrocontrataci\u00f3n","article_publisher":"https:\/\/www.facebook.com\/AgroContratacion\/?locale=es_ES","article_modified_time":"2023-10-31T14:15:37+00:00","twitter_card":"summary_large_image","twitter_misc":{"Tempo de lectura":"5 minutos"},"schema":{"@context":"https:\/\/schema.org","@graph":[{"@type":"WebPage","@id":"https:\/\/agrocontratacion.com\/privacy-policy\/","url":"https:\/\/agrocontratacion.com\/privacy-policy\/","name":"Pol\u00edtica de privacidad - Agrocontrataci\u00f3n","isPartOf":{"@id":"https:\/\/agrocontratacion.com\/#website"},"datePublished":"2023-09-06T12:52:24+00:00","dateModified":"2023-10-31T14:15:37+00:00","breadcrumb":{"@id":"https:\/\/agrocontratacion.com\/privacy-policy\/#breadcrumb"},"inLanguage":"gl-ES","potentialAction":[{"@type":"ReadAction","target":["https:\/\/agrocontratacion.com\/privacy-policy\/"]}]},{"@type":"BreadcrumbList","@id":"https:\/\/agrocontratacion.com\/privacy-policy\/#breadcrumb","itemListElement":[{"@type":"ListItem","position":1,"name":"Portada","item":"https:\/\/agrocontratacion.com\/"},{"@type":"ListItem","position":2,"name":"Pol\u00edtica de privacidad"}]},{"@type":"WebSite","@id":"https:\/\/agrocontratacion.com\/#website","url":"https:\/\/agrocontratacion.com\/","name":"Agrocontrataci\u00f3n","description":"Gesti\u00f3n agraria inteligente","publisher":{"@id":"https:\/\/agrocontratacion.com\/#organization"},"potentialAction":[{"@type":"SearchAction","target":{"@type":"EntryPoint","urlTemplate":"https:\/\/agrocontratacion.com\/?s={search_term_string}"},"query-input":"required name=search_term_string"}],"inLanguage":"gl-ES"},{"@type":"Organization","@id":"https:\/\/agrocontratacion.com\/#organization","name":"Agrocontrataci\u00f3n","url":"https:\/\/agrocontratacion.com\/","logo":{"@type":"ImageObject","inLanguage":"gl-ES","@id":"https:\/\/agrocontratacion.com\/#\/schema\/logo\/image\/","url":"https:\/\/agrocontratacion.com\/wp-content\/uploads\/2023\/09\/logo-agrocontratacion.svg","contentUrl":"https:\/\/agrocontratacion.com\/wp-content\/uploads\/2023\/09\/logo-agrocontratacion.svg","caption":"Agrocontrataci\u00f3n"},"image":{"@id":"https:\/\/agrocontratacion.com\/#\/schema\/logo\/image\/"},"sameAs":["https:\/\/www.facebook.com\/AgroContratacion\/?locale=es_ES","https:\/\/www.linkedin.com\/company\/agrocontratacion\/"]}]}},"featured_image_src":null,"featured_image_src_square":null,"_links":{"self":[{"href":"https:\/\/agrocontratacion.com\/gl\/wp-json\/wp\/v2\/pages\/3","targetHints":{"allow":["GET"]}}],"collection":[{"href":"https:\/\/agrocontratacion.com\/gl\/wp-json\/wp\/v2\/pages"}],"about":[{"href":"https:\/\/agrocontratacion.com\/gl\/wp-json\/wp\/v2\/types\/page"}],"author":[{"embeddable":true,"href":"https:\/\/agrocontratacion.com\/gl\/wp-json\/wp\/v2\/users\/1"}],"replies":[{"embeddable":true,"href":"https:\/\/agrocontratacion.com\/gl\/wp-json\/wp\/v2\/comments?post=3"}],"version-history":[{"count":0,"href":"https:\/\/agrocontratacion.com\/gl\/wp-json\/wp\/v2\/pages\/3\/revisions"}],"wp:attachment":[{"href":"https:\/\/agrocontratacion.com\/gl\/wp-json\/wp\/v2\/media?parent=3"}],"curies":[{"name":"wp","href":"https:\/\/api.w.org\/{rel}","templated":true}]}}