{"id":247,"date":"2023-09-22T13:26:46","date_gmt":"2023-09-22T11:26:46","guid":{"rendered":"https:\/\/agrocontratacion.local\/?page_id=247"},"modified":"2023-12-20T11:41:28","modified_gmt":"2023-12-20T10:41:28","slug":"sobre-nosotros","status":"publish","type":"page","link":"https:\/\/agrocontratacion.com\/gl\/sobre-nosotros\/","title":{"rendered":"Sobre n\u00f3s"},"content":{"rendered":"<div class=\"md:container mx-auto pt-[132px] min-h-fit pb-fluid-3xl md:pb-0 md:min-h-[60vh] md:min-h-screen flex flex-col\">\n\n\n\n<div class=\"w-full md:w-10\/12 mx-auto flex flex-col md:flex-row gap-5\">\n\n\n\n<div class=\"w-full md:w-1\/2 flex flex-col gap-5 h-full md:sticky top-fluid-3xl md:mb-28  justify-between\">\n\t\t\t\t<div class=\"md:pb-24 flex flex-col gap-fluid-l\">\n\n\n\n<h2 class=\"wp-block-heading font-title font-extrabold text-5xl text-primary&quot;\">Sobre n\u00f3s<\/h2>\n\n\n\n<figure class=\"wp-block-image size-full\"><img loading=\"lazy\" decoding=\"async\" width=\"62\" height=\"15\" src=\"https:\/\/agrocontrata.wpenginepowered.com\/wp-content\/uploads\/2023\/09\/separador-1.png\" alt=\"Separador\" class=\"wp-image-288\"\/><\/figure>\n\n\n\n<p>Somos unha empresa especializada en prestaci\u00f3n de&nbsp;<strong>Servizos tecnol\u00f3xicos<\/strong>, de natureza de comunicaci\u00f3ns, para o&nbsp;<strong>sector da carne.<\/strong><\/p>\n\n\n\n<\/div>\n\t\t\t<\/div>\n\n\n\n<div class=\"w-full md:w-1\/2 flex flex-col gap-5\">\n\n\n\n<div class=\"w-full flex flex-col gap-fluid-2xl md:gap-fluid-4xl text-primary md:pt-fluid-7xl\">\n\n\n\n<div class=\"flex flex-col gap-4 md:min-h-[85vh]\">\n\n\n\n<div class=\"flex flex-col gap-4 pb-fluid-xl border-b border-primary-100 h-fit md:sticky top-fluid-3xl\">\n\n\n\n<h3 class=\"wp-block-heading font-title text-primary font-extrabold text-base\" id=\"motivacion\">Motivaci\u00f3n<\/h3>\n\n\n\n<p class=\"font-paragraph font-light text-base\">A <strong>Lei da cadea alimentaria<\/strong> establece, entre outras cousas, que as compras aos produtores primarios deben de realizarse con <strong>contratos escritos<\/strong>. <\/p>\n\n\n\n<p class=\"font-paragraph font-light text-base\">A s\u00faa aplicaci\u00f3n pr\u00e1ctica est\u00e1 a supo\u00f1er unha gran dificultade t\u00e9cnica. Proba disto \u00e9 o alto n\u00famero de sanci\u00f3ns impostas, sendo a ausencia de contratos, ou as deficiencias nestes, a segunda causa de sanci\u00f3n m\u00e1is frecuente.<\/p>\n\n\n\n<p class=\"font-paragraph font-light text-base\">Un dos factores principais que provocan esta situaci\u00f3n ten que ver coa dificultade t\u00e9cnica que existe nas comunicaci\u00f3ns para facer chegar os contratos desde un colectivo formado por 30.000 actores (as empresas existentes no sector agroalimentario), a outro integrado por 1 mill\u00f3n (os produtores primarios).<\/p>\n\n\n\n<\/div>\n\n\n\n<\/div>\n\n\n\n<div class=\"flex flex-col gap-4 md:min-h-[85vh]\">\n\n\n\n<div class=\"flex flex-col gap-4 pb-fluid-xl border-b border-primary-100 h-fit md:sticky top-fluid-3xl\">\n\n\n\n<h3 class=\"wp-block-heading font-title text-primary font-extrabold text-base\" id=\"mision\">Misi\u00f3n, visi\u00f3n e obxectivos<\/h3>\n\n\n\n<p class=\"font-paragraph font-light text-base\">En 1756, ben por desco\u00f1ecemento da s\u00faa existencia ou pola imposibilidade de recollelas, moitas cartas foron esquecidas nos correos e non chegaron ao seu destino. Este problema foi abordado por Campomanes cando foi nomeado Conselleiro Xeral de Correos, creando novas ordenanzas, medios t\u00e9cnicos especializados, e sobre todo o posto de carteiro.<\/p>\n\n\n\n<p class=\"font-paragraph font-light text-base\">Do mesmo xeito que no seu d\u00eda se necesitaron novas ordenanzas e a figura dos carteiros para lograr que as cartas chegasen ao seu destino, neste problema actual ocorre o mesmo: prec\u00edsanse <strong>ferramentas especializadas<\/strong> para abordar este problema de comunicaci\u00f3n e facer que \"os contratos cheguen\".<\/p>\n\n\n\n<p class=\"font-paragraph font-light text-base\">Campomanes desenvolveu toda a s\u00faa carreira profesional en Madrid, e con motivo do aniversario do seu pasamento, realizouse un reco\u00f1ecemento p\u00fablico \u00e1 s\u00faa figura e \u00e1s s\u00faas achegas \u00e1 modernizaci\u00f3n do pa\u00eds.<\/p>\n\n\n\n<a href=\"https:\/\/www.boe.es\/eli\/es\/rd\/2002\/01\/18\/58\" target=\"_blank\" class=\"w-fit inline-block font-light text-primary-900 link free-link mt-2\" rel=\"noopener\">https:\/\/www.boe.es\/eli\/es\/rd\/2002\/01\/18\/58<\/a>\n\n\n\n<p class=\"font-paragraph font-light text-base\">O 1 de xullo de 2023 c\u00famprese o terceiro centenario do seu nacemento no seu pobo. A figura de Campomanes e a s\u00faa comprensi\u00f3n profunda do sentido e da <strong>importancia das comunicaci\u00f3ns<\/strong>, foron un dos factores m\u00e1is inspiradores para a creaci\u00f3n desta ferramenta. \"Facer que cheguen cousas que non chegan\" foi, \u00e9, e ser\u00e1 sempre unha necesidade humana.<br>Este novo <strong>servizo de comunicaci\u00f3ns<\/strong> tam\u00e9n \u00e9 un reco\u00f1ecemento e homenaxe dos seus veci\u00f1os de Tineo, promotores deste servizo, \u00e1 figura de Campomanes, un pioneiro nas comunicaci\u00f3ns, no terceiro centenario do seu nacemento.<\/p>\n\n\n\n<\/div>\n\n\n\n<\/div>\n\n\n\n<div class=\"flex flex-col gap-4 md:min-h-[85vh]\">\n\n\n\n<div class=\"flex flex-col gap-4 pb-fluid-xl h-fit md:sticky top-fluid-3xl\">\n\n\n\n<h3 class=\"wp-block-heading font-title text-primary font-extrabold text-base\" id=\"ayudas\">Axudas<\/h3>\n\n\n\n<p class=\"font-paragraph font-light text-base\">Somos beneficiarios dunha axuda da Axencia Galega de Innovaci\u00f3n dentro do programa \u201cRecuperaci\u00f3n Excelencia Neotec 2021\u201d, concedida na Resoluci\u00f3n do 21 de novembro de 2022 de axudas destinadas ao apoio de entidades que superaron os l\u00edmites m\u00ednimos do programa de novos proxectos empresariais de empresas innovadoras (Neotec) do CDTI.<\/p>\n\n\n\n<figure class=\"wp-block-image aligncenter size-full p-4\"><img loading=\"lazy\" decoding=\"async\" width=\"214\" height=\"97\" src=\"https:\/\/agrocontrata.wpenginepowered.com\/wp-content\/uploads\/2023\/09\/logo-excelencia.png\" alt=\"\" class=\"wp-image-276\"\/><\/figure>\n\n\n\n<\/div>\n\n\n\n<\/div>\n\n\n\n<\/div>\n\n\n\n<\/div>\n\n\n\n<\/div>","protected":false},"excerpt":{"rendered":"<p>Sobre nosotros Somos una empresa especializada en prestaci\u00f3n de&nbsp;servicios tecnol\u00f3gicos, de naturaleza de comunicaciones, para el&nbsp;sector de la carne. Motivaci\u00f3n La Ley de la Cadena Alimentaria establece, entre otras cosas, que las compras a los productores primarios se tienen que realizar con contratos escritos. Su aplicaci\u00f3n pr\u00e1ctica est\u00e1 suponiendo una gran dificultad t\u00e9cnica, y prueba [&hellip;]<\/p>","protected":false},"author":1,"featured_media":0,"parent":0,"menu_order":0,"comment_status":"closed","ping_status":"closed","template":"template-pagewt.php","meta":{"content-type":"","footnotes":""},"class_list":["post-247","page","type-page","status-publish","hentry"],"yoast_head":"<!-- This site is optimized with the Yoast SEO plugin v21.7 - https:\/\/yoast.com\/wordpress\/plugins\/seo\/ -->\n<title>Sobre nosotros - Agrocontrataci\u00f3n<\/title>\n<meta name=\"robots\" content=\"index, follow, max-snippet:-1, max-image-preview:large, max-video-preview:-1\" \/>\n<link rel=\"canonical\" href=\"https:\/\/agrocontratacion.com\/gl\/sobre-nosotros\/\" \/>\n<meta property=\"og:locale\" content=\"gl_ES\" \/>\n<meta property=\"og:type\" content=\"article\" \/>\n<meta property=\"og:title\" content=\"Sobre nosotros - Agrocontrataci\u00f3n\" \/>\n<meta property=\"og:description\" content=\"Sobre nosotros Somos una empresa especializada en prestaci\u00f3n de&nbsp;servicios tecnol\u00f3gicos, de naturaleza de comunicaciones, para el&nbsp;sector de la carne. Motivaci\u00f3n La Ley de la Cadena Alimentaria establece, entre otras cosas, que las compras a los productores primarios se tienen que realizar con contratos escritos. Su aplicaci\u00f3n pr\u00e1ctica est\u00e1 suponiendo una gran dificultad t\u00e9cnica, y prueba [&hellip;]\" \/>\n<meta property=\"og:url\" content=\"https:\/\/agrocontratacion.com\/gl\/sobre-nosotros\/\" \/>\n<meta property=\"og:site_name\" content=\"Agrocontrataci\u00f3n\" \/>\n<meta property=\"article:publisher\" content=\"https:\/\/www.facebook.com\/AgroContratacion\/?locale=es_ES\" \/>\n<meta property=\"article:modified_time\" content=\"2023-12-20T10:41:28+00:00\" \/>\n<meta property=\"og:image\" content=\"https:\/\/agrocontrata.wpenginepowered.com\/wp-content\/uploads\/2023\/09\/separador-1.png\" \/>\n<meta name=\"twitter:card\" content=\"summary_large_image\" \/>\n<meta name=\"twitter:label1\" content=\"Tempo de lectura\" \/>\n\t<meta name=\"twitter:data1\" content=\"2 minutos\" \/>\n<script type=\"application\/ld+json\" class=\"yoast-schema-graph\">{\"@context\":\"https:\/\/schema.org\",\"@graph\":[{\"@type\":\"WebPage\",\"@id\":\"https:\/\/agrocontratacion.com\/sobre-nosotros\/\",\"url\":\"https:\/\/agrocontratacion.com\/sobre-nosotros\/\",\"name\":\"Sobre nosotros - Agrocontrataci\u00f3n\",\"isPartOf\":{\"@id\":\"https:\/\/agrocontratacion.com\/#website\"},\"datePublished\":\"2023-09-22T11:26:46+00:00\",\"dateModified\":\"2023-12-20T10:41:28+00:00\",\"breadcrumb\":{\"@id\":\"https:\/\/agrocontratacion.com\/sobre-nosotros\/#breadcrumb\"},\"inLanguage\":\"gl-ES\",\"potentialAction\":[{\"@type\":\"ReadAction\",\"target\":[\"https:\/\/agrocontratacion.com\/sobre-nosotros\/\"]}]},{\"@type\":\"BreadcrumbList\",\"@id\":\"https:\/\/agrocontratacion.com\/sobre-nosotros\/#breadcrumb\",\"itemListElement\":[{\"@type\":\"ListItem\",\"position\":1,\"name\":\"Portada\",\"item\":\"https:\/\/agrocontratacion.com\/\"},{\"@type\":\"ListItem\",\"position\":2,\"name\":\"Sobre nosotros\"}]},{\"@type\":\"WebSite\",\"@id\":\"https:\/\/agrocontratacion.com\/#website\",\"url\":\"https:\/\/agrocontratacion.com\/\",\"name\":\"Agrocontrataci\u00f3n\",\"description\":\"Gesti\u00f3n agraria inteligente\",\"publisher\":{\"@id\":\"https:\/\/agrocontratacion.com\/#organization\"},\"potentialAction\":[{\"@type\":\"SearchAction\",\"target\":{\"@type\":\"EntryPoint\",\"urlTemplate\":\"https:\/\/agrocontratacion.com\/?s={search_term_string}\"},\"query-input\":\"required name=search_term_string\"}],\"inLanguage\":\"gl-ES\"},{\"@type\":\"Organization\",\"@id\":\"https:\/\/agrocontratacion.com\/#organization\",\"name\":\"Agrocontrataci\u00f3n\",\"url\":\"https:\/\/agrocontratacion.com\/\",\"logo\":{\"@type\":\"ImageObject\",\"inLanguage\":\"gl-ES\",\"@id\":\"https:\/\/agrocontratacion.com\/#\/schema\/logo\/image\/\",\"url\":\"https:\/\/agrocontratacion.com\/wp-content\/uploads\/2023\/09\/logo-agrocontratacion.svg\",\"contentUrl\":\"https:\/\/agrocontratacion.com\/wp-content\/uploads\/2023\/09\/logo-agrocontratacion.svg\",\"caption\":\"Agrocontrataci\u00f3n\"},\"image\":{\"@id\":\"https:\/\/agrocontratacion.com\/#\/schema\/logo\/image\/\"},\"sameAs\":[\"https:\/\/www.facebook.com\/AgroContratacion\/?locale=es_ES\",\"https:\/\/www.linkedin.com\/company\/agrocontratacion\/\"]}]}<\/script>\n<!-- \/ Yoast SEO plugin. -->","yoast_head_json":{"title":"Sobre nosotros - Agrocontrataci\u00f3n","robots":{"index":"index","follow":"follow","max-snippet":"max-snippet:-1","max-image-preview":"max-image-preview:large","max-video-preview":"max-video-preview:-1"},"canonical":"https:\/\/agrocontratacion.com\/gl\/sobre-nosotros\/","og_locale":"gl_ES","og_type":"article","og_title":"Sobre nosotros - Agrocontrataci\u00f3n","og_description":"Sobre nosotros Somos una empresa especializada en prestaci\u00f3n de&nbsp;servicios tecnol\u00f3gicos, de naturaleza de comunicaciones, para el&nbsp;sector de la carne. Motivaci\u00f3n La Ley de la Cadena Alimentaria establece, entre otras cosas, que las compras a los productores primarios se tienen que realizar con contratos escritos. Su aplicaci\u00f3n pr\u00e1ctica est\u00e1 suponiendo una gran dificultad t\u00e9cnica, y prueba [&hellip;]","og_url":"https:\/\/agrocontratacion.com\/gl\/sobre-nosotros\/","og_site_name":"Agrocontrataci\u00f3n","article_publisher":"https:\/\/www.facebook.com\/AgroContratacion\/?locale=es_ES","article_modified_time":"2023-12-20T10:41:28+00:00","og_image":[{"url":"https:\/\/agrocontrata.wpenginepowered.com\/wp-content\/uploads\/2023\/09\/separador-1.png"}],"twitter_card":"summary_large_image","twitter_misc":{"Tempo de lectura":"2 minutos"},"schema":{"@context":"https:\/\/schema.org","@graph":[{"@type":"WebPage","@id":"https:\/\/agrocontratacion.com\/sobre-nosotros\/","url":"https:\/\/agrocontratacion.com\/sobre-nosotros\/","name":"Sobre nosotros - Agrocontrataci\u00f3n","isPartOf":{"@id":"https:\/\/agrocontratacion.com\/#website"},"datePublished":"2023-09-22T11:26:46+00:00","dateModified":"2023-12-20T10:41:28+00:00","breadcrumb":{"@id":"https:\/\/agrocontratacion.com\/sobre-nosotros\/#breadcrumb"},"inLanguage":"gl-ES","potentialAction":[{"@type":"ReadAction","target":["https:\/\/agrocontratacion.com\/sobre-nosotros\/"]}]},{"@type":"BreadcrumbList","@id":"https:\/\/agrocontratacion.com\/sobre-nosotros\/#breadcrumb","itemListElement":[{"@type":"ListItem","position":1,"name":"Portada","item":"https:\/\/agrocontratacion.com\/"},{"@type":"ListItem","position":2,"name":"Sobre nosotros"}]},{"@type":"WebSite","@id":"https:\/\/agrocontratacion.com\/#website","url":"https:\/\/agrocontratacion.com\/","name":"Agrocontrataci\u00f3n","description":"Gesti\u00f3n agraria inteligente","publisher":{"@id":"https:\/\/agrocontratacion.com\/#organization"},"potentialAction":[{"@type":"SearchAction","target":{"@type":"EntryPoint","urlTemplate":"https:\/\/agrocontratacion.com\/?s={search_term_string}"},"query-input":"required name=search_term_string"}],"inLanguage":"gl-ES"},{"@type":"Organization","@id":"https:\/\/agrocontratacion.com\/#organization","name":"Agrocontrataci\u00f3n","url":"https:\/\/agrocontratacion.com\/","logo":{"@type":"ImageObject","inLanguage":"gl-ES","@id":"https:\/\/agrocontratacion.com\/#\/schema\/logo\/image\/","url":"https:\/\/agrocontratacion.com\/wp-content\/uploads\/2023\/09\/logo-agrocontratacion.svg","contentUrl":"https:\/\/agrocontratacion.com\/wp-content\/uploads\/2023\/09\/logo-agrocontratacion.svg","caption":"Agrocontrataci\u00f3n"},"image":{"@id":"https:\/\/agrocontratacion.com\/#\/schema\/logo\/image\/"},"sameAs":["https:\/\/www.facebook.com\/AgroContratacion\/?locale=es_ES","https:\/\/www.linkedin.com\/company\/agrocontratacion\/"]}]}},"featured_image_src":null,"featured_image_src_square":null,"_links":{"self":[{"href":"https:\/\/agrocontratacion.com\/gl\/wp-json\/wp\/v2\/pages\/247","targetHints":{"allow":["GET"]}}],"collection":[{"href":"https:\/\/agrocontratacion.com\/gl\/wp-json\/wp\/v2\/pages"}],"about":[{"href":"https:\/\/agrocontratacion.com\/gl\/wp-json\/wp\/v2\/types\/page"}],"author":[{"embeddable":true,"href":"https:\/\/agrocontratacion.com\/gl\/wp-json\/wp\/v2\/users\/1"}],"replies":[{"embeddable":true,"href":"https:\/\/agrocontratacion.com\/gl\/wp-json\/wp\/v2\/comments?post=247"}],"version-history":[{"count":0,"href":"https:\/\/agrocontratacion.com\/gl\/wp-json\/wp\/v2\/pages\/247\/revisions"}],"wp:attachment":[{"href":"https:\/\/agrocontratacion.com\/gl\/wp-json\/wp\/v2\/media?parent=247"}],"curies":[{"name":"wp","href":"https:\/\/api.w.org\/{rel}","templated":true}]}}